{"id":226,"date":"2021-07-27T13:06:59","date_gmt":"2021-07-27T11:06:59","guid":{"rendered":"https:\/\/rugyourlife.com\/shop\/"},"modified":"2024-02-27T07:39:13","modified_gmt":"2024-02-27T06:39:13","slug":"tienda-de-alfombras","status":"publish","type":"page","link":"https:\/\/rugyourlife.com\/es\/tienda-de-alfombras\/","title":{"rendered":"Tienda de alfombras a medida"},"content":{"rendered":"<div class=\"wp-block-columns alignwide are-vertically-aligned-center is-layout-flex wp-container-core-columns-is-layout-3a88641f wp-block-columns-is-layout-flex\">\n<div class=\"wp-block-column is-vertically-aligned-center is-layout-flow wp-block-column-is-layout-flow\">\n<div class=\"wp-block-cover alignwide is-light\" style=\"min-height:872px;aspect-ratio:unset;\"><span aria-hidden=\"true\" class=\"wp-block-cover__background has-background-dim-0 has-background-dim\" style=\"background-color:#000000\"><\/span><img data-recalc-dims=\"1\" decoding=\"async\" width=\"1875\" height=\"2500\" data-attachment-id=\"5748\" data-permalink=\"https:\/\/rugyourlife.com\/es\/?attachment_id=5748\" data-orig-file=\"https:\/\/i0.wp.com\/rugyourlife.com\/wp-content\/uploads\/2023\/02\/1508-Paul-Klee-Fruchte-in-Rot-close-10-rotated.jpg?fit=1875%2C2500&amp;ssl=1\" data-orig-size=\"1875,2500\" data-comments-opened=\"0\" data-image-meta=\"{&quot;aperture&quot;:&quot;0&quot;,&quot;credit&quot;:&quot;&quot;,&quot;camera&quot;:&quot;&quot;,&quot;caption&quot;:&quot;&quot;,&quot;created_timestamp&quot;:&quot;0&quot;,&quot;copyright&quot;:&quot;&quot;,&quot;focal_length&quot;:&quot;0&quot;,&quot;iso&quot;:&quot;0&quot;,&quot;shutter_speed&quot;:&quot;0&quot;,&quot;title&quot;:&quot;&quot;,&quot;orientation&quot;:&quot;0&quot;}\" data-image-title=\"Closeup Tibetan handknotted rug texture. Design: artwork &amp;#8220;Fruits on Red&amp;#8221; (Fr\u00fcchte auf rot) by Paul Klee.\" data-image-description=\"&lt;p&gt;Closeup Tibetan handknotted rug texture. Design: artwork &amp;#8220;Fruits on Red&amp;#8221; (Fr\u00fcchte auf rot) by Paul Klee.  Numbered limited edition, maximum 100 rugs. By Rug Your Life&lt;\/p&gt;\" data-image-caption=\"\" data-large-file=\"https:\/\/i0.wp.com\/rugyourlife.com\/wp-content\/uploads\/2023\/02\/1508-Paul-Klee-Fruchte-in-Rot-close-10-rotated.jpg?fit=768%2C1024&amp;ssl=1\" class=\"wp-block-cover__image-background wp-image-5748 lazyload\" alt=\"Detalle de la textura de una alfombra tibetana anudada a mano. Dise\u00f1o: obra de arte &quot;Frutas sobre rojo&quot; (Fr\u00fcchte auf rot) de Paul Klee. Edici\u00f3n limitada numerada, m\u00e1ximo 100 alfombras. Por Rug Your Life\" data-src=\"https:\/\/i0.wp.com\/rugyourlife.com\/wp-content\/uploads\/2023\/02\/1508-Paul-Klee-Fruchte-in-Rot-close-10-rotated.jpg?resize=1875%2C2500&#038;ssl=1\" data-object-fit=\"cover\" src=\"data:image\/svg+xml;base64,PHN2ZyB3aWR0aD0iMSIgaGVpZ2h0PSIxIiB4bWxucz0iaHR0cDovL3d3dy53My5vcmcvMjAwMC9zdmciPjwvc3ZnPg==\" style=\"--smush-placeholder-width: 1875px; --smush-placeholder-aspect-ratio: 1875\/2500;\" \/><div class=\"wp-block-cover__inner-container is-layout-flow wp-block-cover-is-layout-flow\">\n<h2 class=\"wp-block-heading alignwide has-white-color has-text-color has-primary-color has-primary-background-color has-background has-large-font-size\" id=\"h-art-rugs-shop\"><a href=\"https:\/\/rugyourlife.com\/es\/tienda-de-alfombras-de-arte\/\">Alfombras de arte<\/a><\/h2>\n\n\n\n<div class=\"wp-block-columns alignwide is-layout-flex wp-container-core-columns-is-layout-3a88641f wp-block-columns-is-layout-flex\">\n<div class=\"wp-block-column is-layout-flow wp-block-column-is-layout-flow\" style=\"flex-basis:60%\">\n<p class=\"has-primary-background-color has-text-color has-background wp-block-paragraph\" style=\"color:#ffffff\">Alfombras de edici\u00f3n limitada hechas a mano a partir de obras maestras de la Bauhaus, De Stijl y el Arte Moderno. <\/p>\n\n\n\n<p class=\"margin-top-half has-background-color has-primary-background-color has-text-color has-background wp-block-paragraph\">Artistas: <a href=\"https:\/\/rugyourlife.com\/es\/categoria-de-productos\/bauhaus-art-design-rugs\/wassily-kandinsky-alfombras\/\"><span style=\"text-decoration: underline;\">Wassily Kandinsky<\/span><\/a>, <a href=\"https:\/\/rugyourlife.com\/es\/categoria-de-productos\/de-stijl-alfombras\/piet-mondrian-alfombras\/\"><span style=\"text-decoration: underline;\">Piet Mondrian<\/span><\/a>, <a href=\"https:\/\/rugyourlife.com\/es\/categoria-de-productos\/alfombras-arte-moderno-siglo-xx-2\/sophie-taeuber-arp-alfombras\/\"><span style=\"text-decoration: underline;\">Sophie Taeuber-Arp<\/span><\/a>, <a href=\"https:\/\/rugyourlife.com\/es\/categoria-de-productos\/bauhaus-art-design-rugs\/paul-klee-alfombras\/\"><span style=\"text-decoration: underline;\">Paul Klee<\/span><\/a>, <a href=\"https:\/\/rugyourlife.com\/es\/categoria-de-productos\/bauhaus-art-design-rugs\/laszlo-moholy-nagy-alfombras\/\"><span style=\"text-decoration: underline;\">L\u00e1szl\u00f3 Moholy-Nagy<\/span><\/a>, <a href=\"https:\/\/rugyourlife.com\/es\/categoria-de-productos\/de-stijl-alfombras\/theo-van-doesburg-alfombras\/\"><span style=\"text-decoration: underline;\">Theo van Doesburg<\/span><\/a> y <a href=\"https:\/\/rugyourlife.com\/es\/categoria-de-productos\/alfombras-arte-moderno-siglo-xx-2\/robert-delaunay-alfombras\/\"><span style=\"text-decoration: underline;\">Robert Delaunay<\/span><\/a><\/p>\n\n\n\n<div class=\"wp-block-buttons is-layout-flex wp-block-buttons-is-layout-flex\">\n<div class=\"wp-block-button has-custom-font-size is-style-outline is-style-outline--1\" style=\"font-size:clamp(16.293px, 1.018rem + ((1vw - 3.2px) * 0.907), 25px);text-decoration:none\"><a class=\"wp-block-button__link has-text-color has-background wp-element-button\" href=\"https:\/\/rugyourlife.com\/es\/tienda-de-alfombras-de-arte\/\" style=\"color:#ffffff;background-color:#000000\">TIENDA<\/a><\/div>\n<\/div>\n<\/div>\n<\/div>\n<\/div><\/div>\n<\/div>\n<\/div>\n\n\n\n<div class=\"wp-block-columns alignwide is-layout-flex wp-container-core-columns-is-layout-3a88641f wp-block-columns-is-layout-flex\">\n<div class=\"wp-block-column is-vertically-aligned-center is-layout-flow wp-block-column-is-layout-flow\">\n<div class=\"wp-block-cover alignwide\" style=\"min-height:872px;aspect-ratio:unset;\"><span aria-hidden=\"true\" class=\"wp-block-cover__background has-background-dim-0 has-background-dim\"><\/span><img data-recalc-dims=\"1\" decoding=\"async\" width=\"500\" height=\"666\" data-attachment-id=\"7278\" data-permalink=\"https:\/\/rugyourlife.com\/es\/crop-0-0-500-666-0-alex-trochut-custom-rugs-handmade-process-closeup-jpg\/\" data-orig-file=\"https:\/\/i0.wp.com\/rugyourlife.com\/wp-content\/uploads\/2023\/04\/crop-0-0-500-666-0-Alex-Trochut-custom-rugs-handmade-process-closeup.jpg?fit=500%2C666&amp;ssl=1\" data-orig-size=\"500,666\" data-comments-opened=\"0\" data-image-meta=\"{&quot;aperture&quot;:&quot;0&quot;,&quot;credit&quot;:&quot;&quot;,&quot;camera&quot;:&quot;&quot;,&quot;caption&quot;:&quot;&quot;,&quot;created_timestamp&quot;:&quot;0&quot;,&quot;copyright&quot;:&quot;&quot;,&quot;focal_length&quot;:&quot;0&quot;,&quot;iso&quot;:&quot;0&quot;,&quot;shutter_speed&quot;:&quot;0&quot;,&quot;title&quot;:&quot;&quot;,&quot;orientation&quot;:&quot;0&quot;}\" data-image-title=\"crop-0-0-500-666-0-Alex-Trochut-custom-rugs-handmade-process-closeup.jpg\" data-image-description=\"\" data-image-caption=\"\" data-large-file=\"https:\/\/i0.wp.com\/rugyourlife.com\/wp-content\/uploads\/2023\/04\/crop-0-0-500-666-0-Alex-Trochut-custom-rugs-handmade-process-closeup.jpg?fit=500%2C666&amp;ssl=1\" class=\"wp-block-cover__image-background wp-image-7278 lazyload\" alt=\"Alfombras personalizadas Alex Trochut - proceso artesanal, primer plano\" data-src=\"https:\/\/i0.wp.com\/rugyourlife.com\/wp-content\/uploads\/2023\/04\/crop-0-0-500-666-0-Alex-Trochut-custom-rugs-handmade-process-closeup.jpg?resize=500%2C666&#038;ssl=1\" data-object-fit=\"cover\" src=\"data:image\/svg+xml;base64,PHN2ZyB3aWR0aD0iMSIgaGVpZ2h0PSIxIiB4bWxucz0iaHR0cDovL3d3dy53My5vcmcvMjAwMC9zdmciPjwvc3ZnPg==\" style=\"--smush-placeholder-width: 500px; --smush-placeholder-aspect-ratio: 500\/666;\" \/><div class=\"wp-block-cover__inner-container is-layout-flow wp-block-cover-is-layout-flow\">\n<h2 class=\"wp-block-heading alignwide has-white-color has-text-color has-primary-background-color has-background has-large-font-size\" id=\"h-current-art-and-design-rugs\"><a href=\"https:\/\/rugyourlife.com\/es\/tienda-de-alfombras-de-arte\/alfombras-de-artistas-y-disenadores-contemporaneos\/\">Alfombras actuales de arte y dise\u00f1o<\/a><\/h2>\n\n\n\n<div class=\"wp-block-columns alignwide is-layout-flex wp-container-core-columns-is-layout-3a88641f wp-block-columns-is-layout-flex\">\n<div class=\"wp-block-column is-layout-flow wp-block-column-is-layout-flow\" style=\"flex-basis:60%\">\n<p class=\"has-primary-background-color has-text-color has-background wp-block-paragraph\" style=\"color:#ffffff\">Alfombras personalizadas de dise\u00f1o, firmadas en edici\u00f3n limitada. Hechas a mano por incre\u00edbles artistas y dise\u00f1adores actuales:<\/p>\n\n\n\n<p class=\"has-background-color has-primary-background-color has-text-color has-background wp-block-paragraph\"><a href=\"https:\/\/rugyourlife.com\/es\/alex-trochut-alfombras-de-diseno-personalizadas\/\"><span style=\"text-decoration: underline;\">Alex Trochut<\/span><\/a>, <a href=\"https:\/\/rugyourlife.com\/es\/camilla-falsini-alfombras-hechas-a-mano-alfombras-de-arte-de-edicion-limitada\/\"><span style=\"text-decoration: underline;\">Camilla Falsini<\/span><\/a>, <a href=\"https:\/\/rugyourlife.com\/es\/annika-johansson-coleccion-de-alfombras-edicion-limitada\/\">Annika Johansson<\/a>, <a href=\"https:\/\/rugyourlife.com\/es\/diana-jantzen-alfombras-personalizadas-edicion-limitada\/\">Diana Jantzen<\/a>Jonathan y Annie Zawada, Chris Daniels, Sabine Oecking, Francisca Oyhanarte y muchos otros.<\/p>\n\n\n\n<div class=\"wp-block-buttons is-layout-flex wp-block-buttons-is-layout-flex\">\n<div class=\"wp-block-button has-custom-font-size is-style-outline is-style-outline--2\" style=\"font-size:clamp(16.293px, 1.018rem + ((1vw - 3.2px) * 0.907), 25px);text-decoration:none\"><a class=\"wp-block-button__link has-text-color has-background wp-element-button\" href=\"https:\/\/rugyourlife.com\/es\/tienda-de-alfombras-de-arte\/alfombras-de-artistas-y-disenadores-contemporaneos\/\" style=\"color:#ffffff;background-color:#000000\">TIENDA<\/a><\/div>\n<\/div>\n<\/div>\n<\/div>\n<\/div><\/div>\n<\/div>\n<\/div>\n\n\n\n<div class=\"wp-block-columns alignwide is-layout-flex wp-container-core-columns-is-layout-3a88641f wp-block-columns-is-layout-flex\">\n<div class=\"wp-block-column is-vertically-aligned-center is-layout-flow wp-block-column-is-layout-flow\">\n<div class=\"wp-block-cover alignfull is-light\" style=\"min-height:872px;aspect-ratio:unset;\"><span aria-hidden=\"true\" class=\"wp-block-cover__background has-background-dim-0 has-background-dim\" style=\"background-color:#000000\"><\/span><img data-recalc-dims=\"1\" decoding=\"async\" width=\"1920\" height=\"1434\" data-attachment-id=\"5450\" data-permalink=\"https:\/\/rugyourlife.com\/es\/?attachment_id=5450\" data-orig-file=\"https:\/\/i0.wp.com\/rugyourlife.com\/wp-content\/uploads\/2022\/03\/5206-Handtufted-Maria-Prymachenko-Dove-rug-6.jpg?fit=1920%2C1434&amp;ssl=1\" data-orig-size=\"1920,1434\" data-comments-opened=\"0\" data-image-meta=\"{&quot;aperture&quot;:&quot;0&quot;,&quot;credit&quot;:&quot;&quot;,&quot;camera&quot;:&quot;&quot;,&quot;caption&quot;:&quot;&quot;,&quot;created_timestamp&quot;:&quot;0&quot;,&quot;copyright&quot;:&quot;&quot;,&quot;focal_length&quot;:&quot;0&quot;,&quot;iso&quot;:&quot;0&quot;,&quot;shutter_speed&quot;:&quot;0&quot;,&quot;title&quot;:&quot;&quot;,&quot;orientation&quot;:&quot;0&quot;}\" data-image-title=\"Children&amp;#8217;s Rug after Maria Prymachenko Peace Dove &amp;#8211; 100% Proceeds donated to support Ukraine\" data-image-description=\"&lt;p&gt;Children&amp;#8217;s Rug after Maria Prymachenko Peace Dove &amp;#8211; 100% Proceeds donated to support Ukraine&lt;\/p&gt;\" data-image-caption=\"\" data-large-file=\"https:\/\/i0.wp.com\/rugyourlife.com\/wp-content\/uploads\/2022\/03\/5206-Handtufted-Maria-Prymachenko-Dove-rug-6.jpg?fit=1024%2C765&amp;ssl=1\" class=\"wp-block-cover__image-background wp-image-5450 lazyload\" alt=\"Alfombra infantil en honor a Maria Prymachenko Paloma de la Paz - 100% Los beneficios se donan para apoyar a Ucrania\" data-src=\"https:\/\/i0.wp.com\/rugyourlife.com\/wp-content\/uploads\/2022\/03\/5206-Handtufted-Maria-Prymachenko-Dove-rug-6.jpg?resize=1920%2C1434&#038;ssl=1\" data-object-fit=\"cover\" src=\"data:image\/svg+xml;base64,PHN2ZyB3aWR0aD0iMSIgaGVpZ2h0PSIxIiB4bWxucz0iaHR0cDovL3d3dy53My5vcmcvMjAwMC9zdmciPjwvc3ZnPg==\" style=\"--smush-placeholder-width: 1920px; --smush-placeholder-aspect-ratio: 1920\/1434;\" \/><div class=\"wp-block-cover__inner-container is-layout-flow wp-block-cover-is-layout-flow\">\n<h2 class=\"wp-block-heading margin-top-half has-primary-background-color has-background has-large-font-size\" id=\"h-prymachenko-children-rugs-100-profits-donated-to-ukraine\"><a href=\"https:\/\/rugyourlife.com\/es\/children-rugs-with-prymachenko-art-donation-for-ukraine\/\">Alfombras infantiles Prymachenko. 100% Beneficios donados a Ucrania<\/a> <\/h2>\n\n\n\n<div class=\"wp-block-columns alignwide is-layout-flex wp-container-core-columns-is-layout-3a88641f wp-block-columns-is-layout-flex\">\n<div class=\"wp-block-column is-layout-flow wp-block-column-is-layout-flow\" style=\"flex-basis:60%\">\n<p class=\"has-primary-background-color has-text-color has-background wp-block-paragraph\" style=\"color:#ffffff\">Alfombra Tu Vida + <a href=\"http:\/\/prymachenko.ua\/eng\">Fundaci\u00f3n Familia Prymachenko<\/a> le ofrece una selecci\u00f3n de alfombras personalizadas hechas a mano a partir de las obras de Maria Prymachenko. Los beneficios de 100% se donan directamente a una ONG registrada que apoya a Ucrania.<\/p>\n\n\n\n<div class=\"wp-block-buttons is-layout-flex wp-block-buttons-is-layout-flex\">\n<div class=\"wp-block-button has-custom-font-size is-style-outline is-style-outline--3\" style=\"font-size:clamp(16.293px, 1.018rem + ((1vw - 3.2px) * 0.907), 25px);text-decoration:none\"><a class=\"wp-block-button__link has-text-color has-background wp-element-button\" href=\"https:\/\/rugyourlife.com\/es\/alfombras-infantiles-con-arte-prymachenko-apoyo-ucrania\/\" style=\"color:#ffffff;background-color:#000000\">TIENDA<\/a><\/div>\n<\/div>\n<\/div>\n<\/div>\n<\/div><\/div>\n<\/div>\n<\/div>","protected":false},"excerpt":{"rendered":"","protected":false},"author":1,"featured_media":4489,"parent":0,"menu_order":0,"comment_status":"closed","ping_status":"closed","template":"","meta":{"_crdt_document":"","footnotes":""},"class_list":["post-226","page","type-page","status-publish","has-post-thumbnail","hentry"],"yoast_head":"<!-- This site is optimized with the Yoast SEO Premium plugin v26.7 (Yoast SEO v27.3) - https:\/\/yoast.com\/product\/yoast-seo-premium-wordpress\/ -->\n<title>Shop Handmade Custom Rugs based on 20th Century Modern Art<\/title>\n<meta name=\"description\" content=\"Handmade limited edition rugs based on 20th century modern art design masterpieces. Bauhaus, De Stijl, and Dada artists and Prymachenko.\" \/>\n<meta name=\"robots\" content=\"noindex, nofollow\" \/>\n<meta property=\"og:locale\" content=\"es_ES\" \/>\n<meta property=\"og:type\" content=\"article\" \/>\n<meta property=\"og:title\" content=\"Custom Rugs Shop\" \/>\n<meta property=\"og:description\" content=\"Handmade limited edition rugs based on 20th century modern art design masterpieces. Bauhaus, De Stijl, and Dada artists and Prymachenko.\" \/>\n<meta property=\"og:url\" content=\"https:\/\/rugyourlife.com\/es\/tienda-de-alfombras\/\" \/>\n<meta property=\"og:site_name\" content=\"Rug Your Life\" \/>\n<meta property=\"article:publisher\" content=\"https:\/\/www.facebook.com\/rugyourlifecom\" \/>\n<meta property=\"article:modified_time\" content=\"2024-02-27T06:39:13+00:00\" \/>\n<meta property=\"og:image\" content=\"https:\/\/rugyourlife.com\/wp-content\/uploads\/2021\/09\/Paul-Klee-Custom-Rug-Dame-Abseits-Lady-Apart-Rug-Your-Life-Photoshoot-1-klein.jpg\" \/>\n\t<meta property=\"og:image:width\" content=\"1850\" \/>\n\t<meta property=\"og:image:height\" content=\"2500\" \/>\n\t<meta property=\"og:image:type\" content=\"image\/jpeg\" \/>\n<meta name=\"twitter:card\" content=\"summary_large_image\" \/>\n<meta name=\"twitter:label1\" content=\"Tiempo de lectura\" \/>\n\t<meta name=\"twitter:data1\" content=\"2 minutos\" \/>\n<script type=\"application\/ld+json\" class=\"yoast-schema-graph\">{\"@context\":\"https:\\\/\\\/schema.org\",\"@graph\":[{\"@type\":\"WebPage\",\"@id\":\"https:\\\/\\\/rugyourlife.com\\\/custom-rugs-shop\\\/\",\"url\":\"https:\\\/\\\/rugyourlife.com\\\/custom-rugs-shop\\\/\",\"name\":\"Shop Handmade Custom Rugs based on 20th Century Modern Art\",\"isPartOf\":{\"@id\":\"https:\\\/\\\/rugyourlife.com\\\/#website\"},\"primaryImageOfPage\":{\"@id\":\"https:\\\/\\\/rugyourlife.com\\\/custom-rugs-shop\\\/#primaryimage\"},\"image\":{\"@id\":\"https:\\\/\\\/rugyourlife.com\\\/custom-rugs-shop\\\/#primaryimage\"},\"thumbnailUrl\":\"https:\\\/\\\/i0.wp.com\\\/rugyourlife.com\\\/wp-content\\\/uploads\\\/2021\\\/09\\\/Paul-Klee-Custom-Rug-Dame-Abseits-Lady-Apart-Rug-Your-Life-Photoshoot-1-klein.jpg?fit=1850%2C2500&ssl=1\",\"datePublished\":\"2021-07-27T11:06:59+00:00\",\"dateModified\":\"2024-02-27T06:39:13+00:00\",\"description\":\"Handmade limited edition rugs based on 20th century modern art design masterpieces. Bauhaus, De Stijl, and Dada artists and Prymachenko.\",\"breadcrumb\":{\"@id\":\"https:\\\/\\\/rugyourlife.com\\\/custom-rugs-shop\\\/#breadcrumb\"},\"inLanguage\":\"es\",\"potentialAction\":[{\"@type\":\"ReadAction\",\"target\":[\"https:\\\/\\\/rugyourlife.com\\\/custom-rugs-shop\\\/\"]}]},{\"@type\":\"ImageObject\",\"inLanguage\":\"es\",\"@id\":\"https:\\\/\\\/rugyourlife.com\\\/custom-rugs-shop\\\/#primaryimage\",\"url\":\"https:\\\/\\\/i0.wp.com\\\/rugyourlife.com\\\/wp-content\\\/uploads\\\/2021\\\/09\\\/Paul-Klee-Custom-Rug-Dame-Abseits-Lady-Apart-Rug-Your-Life-Photoshoot-1-klein.jpg?fit=1850%2C2500&ssl=1\",\"contentUrl\":\"https:\\\/\\\/i0.wp.com\\\/rugyourlife.com\\\/wp-content\\\/uploads\\\/2021\\\/09\\\/Paul-Klee-Custom-Rug-Dame-Abseits-Lady-Apart-Rug-Your-Life-Photoshoot-1-klein.jpg?fit=1850%2C2500&ssl=1\",\"width\":1850,\"height\":2500,\"caption\":\"Paul Klee's painting Lady Apart (Dame Abseits) handwoven as custom Tibetan rug, client photoshoot\"},{\"@type\":\"BreadcrumbList\",\"@id\":\"https:\\\/\\\/rugyourlife.com\\\/custom-rugs-shop\\\/#breadcrumb\",\"itemListElement\":[{\"@type\":\"ListItem\",\"position\":1,\"name\":\"Home\",\"item\":\"https:\\\/\\\/rugyourlife.com\\\/\"},{\"@type\":\"ListItem\",\"position\":2,\"name\":\"Custom Rugs Shop\"}]},{\"@type\":\"WebSite\",\"@id\":\"https:\\\/\\\/rugyourlife.com\\\/#website\",\"url\":\"https:\\\/\\\/rugyourlife.com\\\/\",\"name\":\"Rug Your Life - Handmade bespoke rugs based on original art\",\"description\":\"Luxury art rugs - Handmade, bespoke and limited editions carpets\",\"publisher\":{\"@id\":\"https:\\\/\\\/rugyourlife.com\\\/#organization\"},\"potentialAction\":[{\"@type\":\"SearchAction\",\"target\":{\"@type\":\"EntryPoint\",\"urlTemplate\":\"https:\\\/\\\/rugyourlife.com\\\/?s={search_term_string}\"},\"query-input\":{\"@type\":\"PropertyValueSpecification\",\"valueRequired\":true,\"valueName\":\"search_term_string\"}}],\"inLanguage\":\"es\"},{\"@type\":\"Organization\",\"@id\":\"https:\\\/\\\/rugyourlife.com\\\/#organization\",\"name\":\"Rug Your Life\",\"url\":\"https:\\\/\\\/rugyourlife.com\\\/\",\"logo\":{\"@type\":\"ImageObject\",\"inLanguage\":\"es\",\"@id\":\"https:\\\/\\\/rugyourlife.com\\\/#\\\/schema\\\/logo\\\/image\\\/\",\"url\":\"https:\\\/\\\/i0.wp.com\\\/rugyourlife.com\\\/wp-content\\\/uploads\\\/2024\\\/02\\\/Logo-Rug-Your-Life-Website.png?fit=3202%2C490&ssl=1\",\"contentUrl\":\"https:\\\/\\\/i0.wp.com\\\/rugyourlife.com\\\/wp-content\\\/uploads\\\/2024\\\/02\\\/Logo-Rug-Your-Life-Website.png?fit=3202%2C490&ssl=1\",\"width\":3202,\"height\":490,\"caption\":\"Rug Your Life\"},\"image\":{\"@id\":\"https:\\\/\\\/rugyourlife.com\\\/#\\\/schema\\\/logo\\\/image\\\/\"},\"sameAs\":[\"https:\\\/\\\/www.facebook.com\\\/rugyourlifecom\",\"https:\\\/\\\/www.instagram.com\\\/rugyourlife\\\/\"],\"foundingDate\":\"2010-01-25\"}]}<\/script>\n<!-- \/ Yoast SEO Premium plugin. -->","yoast_head_json":{"title":"Comprar alfombras hechas a mano basadas en el arte moderno del siglo XX","description":"Alfombras artesanales de edici\u00f3n limitada basadas en obras maestras del dise\u00f1o art\u00edstico moderno del siglo XX. Artistas de la Bauhaus, De Stijl y Dad\u00e1 y Prymachenko.","robots":{"index":"noindex","follow":"nofollow"},"og_locale":"es_ES","og_type":"article","og_title":"Custom Rugs Shop","og_description":"Handmade limited edition rugs based on 20th century modern art design masterpieces. Bauhaus, De Stijl, and Dada artists and Prymachenko.","og_url":"https:\/\/rugyourlife.com\/es\/tienda-de-alfombras\/","og_site_name":"Rug Your Life","article_publisher":"https:\/\/www.facebook.com\/rugyourlifecom","article_modified_time":"2024-02-27T06:39:13+00:00","og_image":[{"width":1850,"height":2500,"url":"https:\/\/rugyourlife.com\/wp-content\/uploads\/2021\/09\/Paul-Klee-Custom-Rug-Dame-Abseits-Lady-Apart-Rug-Your-Life-Photoshoot-1-klein.jpg","type":"image\/jpeg"}],"twitter_card":"summary_large_image","twitter_misc":{"Tiempo de lectura":"2 minutos"},"schema":{"@context":"https:\/\/schema.org","@graph":[{"@type":"WebPage","@id":"https:\/\/rugyourlife.com\/custom-rugs-shop\/","url":"https:\/\/rugyourlife.com\/custom-rugs-shop\/","name":"Comprar alfombras hechas a mano basadas en el arte moderno del siglo XX","isPartOf":{"@id":"https:\/\/rugyourlife.com\/#website"},"primaryImageOfPage":{"@id":"https:\/\/rugyourlife.com\/custom-rugs-shop\/#primaryimage"},"image":{"@id":"https:\/\/rugyourlife.com\/custom-rugs-shop\/#primaryimage"},"thumbnailUrl":"https:\/\/i0.wp.com\/rugyourlife.com\/wp-content\/uploads\/2021\/09\/Paul-Klee-Custom-Rug-Dame-Abseits-Lady-Apart-Rug-Your-Life-Photoshoot-1-klein.jpg?fit=1850%2C2500&ssl=1","datePublished":"2021-07-27T11:06:59+00:00","dateModified":"2024-02-27T06:39:13+00:00","description":"Alfombras artesanales de edici\u00f3n limitada basadas en obras maestras del dise\u00f1o art\u00edstico moderno del siglo XX. Artistas de la Bauhaus, De Stijl y Dad\u00e1 y Prymachenko.","breadcrumb":{"@id":"https:\/\/rugyourlife.com\/custom-rugs-shop\/#breadcrumb"},"inLanguage":"es","potentialAction":[{"@type":"ReadAction","target":["https:\/\/rugyourlife.com\/custom-rugs-shop\/"]}]},{"@type":"ImageObject","inLanguage":"es","@id":"https:\/\/rugyourlife.com\/custom-rugs-shop\/#primaryimage","url":"https:\/\/i0.wp.com\/rugyourlife.com\/wp-content\/uploads\/2021\/09\/Paul-Klee-Custom-Rug-Dame-Abseits-Lady-Apart-Rug-Your-Life-Photoshoot-1-klein.jpg?fit=1850%2C2500&ssl=1","contentUrl":"https:\/\/i0.wp.com\/rugyourlife.com\/wp-content\/uploads\/2021\/09\/Paul-Klee-Custom-Rug-Dame-Abseits-Lady-Apart-Rug-Your-Life-Photoshoot-1-klein.jpg?fit=1850%2C2500&ssl=1","width":1850,"height":2500,"caption":"Paul Klee's painting Lady Apart (Dame Abseits) handwoven as custom Tibetan rug, client photoshoot"},{"@type":"BreadcrumbList","@id":"https:\/\/rugyourlife.com\/custom-rugs-shop\/#breadcrumb","itemListElement":[{"@type":"ListItem","position":1,"name":"Home","item":"https:\/\/rugyourlife.com\/"},{"@type":"ListItem","position":2,"name":"Custom Rugs Shop"}]},{"@type":"WebSite","@id":"https:\/\/rugyourlife.com\/#website","url":"https:\/\/rugyourlife.com\/","name":"Rug Your Life - Alfombras hechas a mano a partir de obras de arte originales","description":"Alfombras de arte de lujo - Alfombras hechas a mano, a medida y de edici\u00f3n limitada","publisher":{"@id":"https:\/\/rugyourlife.com\/#organization"},"potentialAction":[{"@type":"SearchAction","target":{"@type":"EntryPoint","urlTemplate":"https:\/\/rugyourlife.com\/?s={search_term_string}"},"query-input":{"@type":"PropertyValueSpecification","valueRequired":true,"valueName":"search_term_string"}}],"inLanguage":"es"},{"@type":"Organization","@id":"https:\/\/rugyourlife.com\/#organization","name":"Rug Your Life","url":"https:\/\/rugyourlife.com\/","logo":{"@type":"ImageObject","inLanguage":"es","@id":"https:\/\/rugyourlife.com\/#\/schema\/logo\/image\/","url":"https:\/\/i0.wp.com\/rugyourlife.com\/wp-content\/uploads\/2024\/02\/Logo-Rug-Your-Life-Website.png?fit=3202%2C490&ssl=1","contentUrl":"https:\/\/i0.wp.com\/rugyourlife.com\/wp-content\/uploads\/2024\/02\/Logo-Rug-Your-Life-Website.png?fit=3202%2C490&ssl=1","width":3202,"height":490,"caption":"Rug Your Life"},"image":{"@id":"https:\/\/rugyourlife.com\/#\/schema\/logo\/image\/"},"sameAs":["https:\/\/www.facebook.com\/rugyourlifecom","https:\/\/www.instagram.com\/rugyourlife\/"],"foundingDate":"2010-01-25"}]}},"_links":{"self":[{"href":"https:\/\/rugyourlife.com\/es\/wp-json\/wp\/v2\/pages\/226","targetHints":{"allow":["GET"]}}],"collection":[{"href":"https:\/\/rugyourlife.com\/es\/wp-json\/wp\/v2\/pages"}],"about":[{"href":"https:\/\/rugyourlife.com\/es\/wp-json\/wp\/v2\/types\/page"}],"author":[{"embeddable":true,"href":"https:\/\/rugyourlife.com\/es\/wp-json\/wp\/v2\/users\/1"}],"replies":[{"embeddable":true,"href":"https:\/\/rugyourlife.com\/es\/wp-json\/wp\/v2\/comments?post=226"}],"version-history":[{"count":41,"href":"https:\/\/rugyourlife.com\/es\/wp-json\/wp\/v2\/pages\/226\/revisions"}],"predecessor-version":[{"id":9839,"href":"https:\/\/rugyourlife.com\/es\/wp-json\/wp\/v2\/pages\/226\/revisions\/9839"}],"wp:featuredmedia":[{"embeddable":true,"href":"https:\/\/rugyourlife.com\/es\/wp-json\/wp\/v2\/media\/4489"}],"wp:attachment":[{"href":"https:\/\/rugyourlife.com\/es\/wp-json\/wp\/v2\/media?parent=226"}],"curies":[{"name":"wp","href":"https:\/\/api.w.org\/{rel}","templated":true}]}}