{"id":5369,"date":"2022-09-30T11:18:54","date_gmt":"2022-09-30T09:18:54","guid":{"rendered":"https:\/\/rugyourlife.com\/?page_id=5369"},"modified":"2022-09-30T12:03:49","modified_gmt":"2022-09-30T10:03:49","slug":"travailler-avec-nous","status":"publish","type":"page","link":"https:\/\/rugyourlife.com\/fr\/workwithus\/","title":{"rendered":"Travailler avec Rug Your Life"},"content":{"rendered":"<div class=\"wp-block-group alignfull has-border-color is-layout-flow wp-block-group-is-layout-flow\" style=\"border-color:#0b0c0f;border-width:20px\">\n<div class=\"wp-block-media-text alignfull is-stacked-on-mobile has-white-background-color has-text-color has-background\" style=\"color:#222222;grid-template-columns:29% auto\"><figure class=\"wp-block-media-text__media\"><img data-recalc-dims=\"1\" decoding=\"async\" width=\"802\" height=\"802\" data-attachment-id=\"5371\" data-permalink=\"https:\/\/rugyourlife.com\/fr\/workwithus\/hello-at-rug-your-life\/\" data-orig-file=\"https:\/\/i0.wp.com\/rugyourlife.com\/wp-content\/uploads\/2022\/09\/Hello-at-Rug-Your-Life.jpg?fit=802%2C802&amp;ssl=1\" data-orig-size=\"802,802\" data-comments-opened=\"0\" data-image-meta=\"{&quot;aperture&quot;:&quot;0&quot;,&quot;credit&quot;:&quot;&quot;,&quot;camera&quot;:&quot;&quot;,&quot;caption&quot;:&quot;&quot;,&quot;created_timestamp&quot;:&quot;0&quot;,&quot;copyright&quot;:&quot;&quot;,&quot;focal_length&quot;:&quot;0&quot;,&quot;iso&quot;:&quot;0&quot;,&quot;shutter_speed&quot;:&quot;0&quot;,&quot;title&quot;:&quot;&quot;,&quot;orientation&quot;:&quot;0&quot;}\" data-image-title=\"Hello-at-Rug-Your-Life\" data-image-description=\"\" data-image-caption=\"\" data-large-file=\"https:\/\/i0.wp.com\/rugyourlife.com\/wp-content\/uploads\/2022\/09\/Hello-at-Rug-Your-Life.jpg?fit=802%2C802&amp;ssl=1\" data-src=\"https:\/\/i0.wp.com\/rugyourlife.com\/wp-content\/uploads\/2022\/09\/Hello-at-Rug-Your-Life.jpg?resize=802%2C802&#038;ssl=1\" alt=\"\" class=\"wp-image-5371 size-full lazyload\" src=\"data:image\/svg+xml;base64,PHN2ZyB3aWR0aD0iMSIgaGVpZ2h0PSIxIiB4bWxucz0iaHR0cDovL3d3dy53My5vcmcvMjAwMC9zdmciPjwvc3ZnPg==\" style=\"--smush-placeholder-width: 802px; --smush-placeholder-aspect-ratio: 802\/802;\" \/><\/figure><div class=\"wp-block-media-text__content\">\n<div class=\"wp-block-group has-global-padding is-layout-constrained wp-container-core-group-is-layout-0695dea7 wp-block-group-is-layout-constrained\" style=\"padding-top:20px;padding-right:0px;padding-bottom:20px;padding-left:0px\">\n<h2 class=\"has-text-align-center wp-block-heading translation-block\" id=\"more-than-words\" style=\"font-size:clamp(24.034px, 1.502rem + ((1vw - 3.2px) * 1.663), 40px);font-style:normal;font-weight:600\">Bonjour, c'est bien <span style=\"text-decoration : underline\">vous<\/span> que nous recherchons ?<\/h2>\n\n\n\n<p class=\"has-text-align-center wp-block-paragraph\" style=\"font-size:clamp(14px, 0.875rem + ((1vw - 3.2px) * 0.313), 17px);\">Nous sommes une petite entreprise avec une grande vision.<\/p>\n\n\n\n<p class=\"has-text-align-center wp-block-paragraph\" style=\"font-size:clamp(14px, 0.875rem + ((1vw - 3.2px) * 0.313), 17px);\">Notre vision est de cr\u00e9er des tapis significatifs qui sont une c\u00e9l\u00e9bration raffin\u00e9e de l'histoire personnelle de chaque maison et qui relient les gens \u00e0 eux-m\u00eames et \u00e0 ceux qui leur sont chers. <\/p>\n\n\n\n<p class=\"wp-block-paragraph translation-block\">Souhaitez-vous que cette vision prenne de l'ampleur avec nous ? Alors <a href=\"mailto:info@rugyourlife.com\" rel=\"nofollow\" target=\"_self\">\u00e9crivez-nous un courriel<\/a> et dites-nous ce que vous aimeriez faire et, surtout, comment vous le feriez et pourquoi.<\/p>\n\n\n\n<p class=\"wp-block-paragraph\">Nous nous int\u00e9ressons beaucoup plus aux valeurs, aux intentions, au c\u0153ur et \u00e0 la discipline qu'aux certificats et \u00e0 l'exp\u00e9rience pass\u00e9e. Ce qui nous int\u00e9resse, c'est votre essence en tant qu'\u00eatre et votre volont\u00e9 d'apprendre et de grandir. <\/p>\n\n\n\n<p class=\"wp-block-paragraph\">Nous nous r\u00e9jouissons de vous rencontrer et de tout ce que nous allons cr\u00e9er ensemble. Nous vous remercions.<\/p>\n<\/div>\n<\/div><\/div>\n<\/div>","protected":false},"excerpt":{"rendered":"<p>Hello, is it you we&#8217;re looking for? We are a small company with a big vision. Our vision is to create meaningful rugs that are a refined celebration of each home&#8217;s personal story and that connect people to themselves and to the ones they care about. Would you like to make this vision grow really [&hellip;]<\/p>\n","protected":false},"author":197027730,"featured_media":0,"parent":0,"menu_order":0,"comment_status":"closed","ping_status":"closed","template":"","meta":{"_crdt_document":"","footnotes":""},"class_list":["post-5369","page","type-page","status-publish","hentry"],"yoast_head":"<!-- This site is optimized with the Yoast SEO Premium plugin v27.3 (Yoast SEO v27.3) - https:\/\/yoast.com\/product\/yoast-seo-premium-wordpress\/ -->\n<title>Working with Rug Your Life<\/title>\n<meta name=\"description\" content=\"We are a small company with a big vision of creating the most meaningful and refined rugs. We welcome great people to join us.\" \/>\n<meta name=\"robots\" content=\"index, follow, max-snippet:-1, max-image-preview:large, max-video-preview:-1\" \/>\n<link rel=\"canonical\" href=\"https:\/\/rugyourlife.com\/fr\/travailler-avec-nous\/\" \/>\n<meta property=\"og:locale\" content=\"fr_FR\" \/>\n<meta property=\"og:type\" content=\"article\" \/>\n<meta property=\"og:title\" content=\"Working with Rug Your Life\" \/>\n<meta property=\"og:description\" content=\"We are a small company with a big vision of creating the most meaningful and refined rugs. We welcome great people to join us.\" \/>\n<meta property=\"og:url\" content=\"https:\/\/rugyourlife.com\/fr\/travailler-avec-nous\/\" \/>\n<meta property=\"og:site_name\" content=\"Rug Your Life\" \/>\n<meta property=\"article:publisher\" content=\"https:\/\/www.facebook.com\/rugyourlifecom\" \/>\n<meta property=\"article:modified_time\" content=\"2022-09-30T10:03:49+00:00\" \/>\n<meta property=\"og:image\" content=\"https:\/\/rugyourlife.com\/wp-content\/uploads\/2022\/09\/Hello-at-Rug-Your-Life.jpg\" \/>\n<meta name=\"twitter:card\" content=\"summary_large_image\" \/>\n<meta name=\"twitter:label1\" content=\"Dur\u00e9e de lecture estim\u00e9e\" \/>\n\t<meta name=\"twitter:data1\" content=\"1 minute\" \/>\n<script type=\"application\/ld+json\" class=\"yoast-schema-graph\">{\"@context\":\"https:\\\/\\\/schema.org\",\"@graph\":[{\"@type\":\"WebPage\",\"@id\":\"https:\\\/\\\/rugyourlife.com\\\/workwithus\\\/\",\"url\":\"https:\\\/\\\/rugyourlife.com\\\/workwithus\\\/\",\"name\":\"Working with Rug Your Life\",\"isPartOf\":{\"@id\":\"https:\\\/\\\/rugyourlife.com\\\/#website\"},\"primaryImageOfPage\":{\"@id\":\"https:\\\/\\\/rugyourlife.com\\\/workwithus\\\/#primaryimage\"},\"image\":{\"@id\":\"https:\\\/\\\/rugyourlife.com\\\/workwithus\\\/#primaryimage\"},\"thumbnailUrl\":\"https:\\\/\\\/rugyourlife.com\\\/wp-content\\\/uploads\\\/2022\\\/09\\\/Hello-at-Rug-Your-Life.jpg\",\"datePublished\":\"2022-09-30T09:18:54+00:00\",\"dateModified\":\"2022-09-30T10:03:49+00:00\",\"description\":\"We are a small company with a big vision of creating the most meaningful and refined rugs. We welcome great people to join us.\",\"breadcrumb\":{\"@id\":\"https:\\\/\\\/rugyourlife.com\\\/workwithus\\\/#breadcrumb\"},\"inLanguage\":\"fr-FR\",\"potentialAction\":[{\"@type\":\"ReadAction\",\"target\":[\"https:\\\/\\\/rugyourlife.com\\\/workwithus\\\/\"]}]},{\"@type\":\"ImageObject\",\"inLanguage\":\"fr-FR\",\"@id\":\"https:\\\/\\\/rugyourlife.com\\\/workwithus\\\/#primaryimage\",\"url\":\"https:\\\/\\\/rugyourlife.com\\\/wp-content\\\/uploads\\\/2022\\\/09\\\/Hello-at-Rug-Your-Life.jpg\",\"contentUrl\":\"https:\\\/\\\/rugyourlife.com\\\/wp-content\\\/uploads\\\/2022\\\/09\\\/Hello-at-Rug-Your-Life.jpg\"},{\"@type\":\"BreadcrumbList\",\"@id\":\"https:\\\/\\\/rugyourlife.com\\\/workwithus\\\/#breadcrumb\",\"itemListElement\":[{\"@type\":\"ListItem\",\"position\":1,\"name\":\"Home\",\"item\":\"https:\\\/\\\/rugyourlife.com\\\/\"},{\"@type\":\"ListItem\",\"position\":2,\"name\":\"Working with Rug Your Life\"}]},{\"@type\":\"WebSite\",\"@id\":\"https:\\\/\\\/rugyourlife.com\\\/#website\",\"url\":\"https:\\\/\\\/rugyourlife.com\\\/\",\"name\":\"Rug Your Life - Handmade bespoke rugs based on original art\",\"description\":\"Luxury art rugs - Handmade, bespoke and limited editions carpets\",\"publisher\":{\"@id\":\"https:\\\/\\\/rugyourlife.com\\\/#organization\"},\"potentialAction\":[{\"@type\":\"SearchAction\",\"target\":{\"@type\":\"EntryPoint\",\"urlTemplate\":\"https:\\\/\\\/rugyourlife.com\\\/?s={search_term_string}\"},\"query-input\":{\"@type\":\"PropertyValueSpecification\",\"valueRequired\":true,\"valueName\":\"search_term_string\"}}],\"inLanguage\":\"fr-FR\"},{\"@type\":\"Organization\",\"@id\":\"https:\\\/\\\/rugyourlife.com\\\/#organization\",\"name\":\"Rug Your Life\",\"url\":\"https:\\\/\\\/rugyourlife.com\\\/\",\"logo\":{\"@type\":\"ImageObject\",\"inLanguage\":\"fr-FR\",\"@id\":\"https:\\\/\\\/rugyourlife.com\\\/#\\\/schema\\\/logo\\\/image\\\/\",\"url\":\"https:\\\/\\\/i0.wp.com\\\/rugyourlife.com\\\/wp-content\\\/uploads\\\/2024\\\/02\\\/Logo-Rug-Your-Life-Website.png?fit=3202%2C490&ssl=1\",\"contentUrl\":\"https:\\\/\\\/i0.wp.com\\\/rugyourlife.com\\\/wp-content\\\/uploads\\\/2024\\\/02\\\/Logo-Rug-Your-Life-Website.png?fit=3202%2C490&ssl=1\",\"width\":3202,\"height\":490,\"caption\":\"Rug Your Life\"},\"image\":{\"@id\":\"https:\\\/\\\/rugyourlife.com\\\/#\\\/schema\\\/logo\\\/image\\\/\"},\"sameAs\":[\"https:\\\/\\\/www.facebook.com\\\/rugyourlifecom\",\"https:\\\/\\\/www.instagram.com\\\/rugyourlife\\\/\"],\"foundingDate\":\"2010-01-25\"}]}<\/script>\n<!-- \/ Yoast SEO Premium plugin. -->","yoast_head_json":{"title":"Travailler avec Rug Your Life","description":"Nous sommes une petite entreprise avec une grande vision de cr\u00e9er les tapis les plus significatifs et les plus raffin\u00e9s. Nous invitons des personnes exceptionnelles \u00e0 nous rejoindre.","robots":{"index":"index","follow":"follow","max-snippet":"max-snippet:-1","max-image-preview":"max-image-preview:large","max-video-preview":"max-video-preview:-1"},"canonical":"https:\/\/rugyourlife.com\/fr\/travailler-avec-nous\/","og_locale":"fr_FR","og_type":"article","og_title":"Working with Rug Your Life","og_description":"We are a small company with a big vision of creating the most meaningful and refined rugs. We welcome great people to join us.","og_url":"https:\/\/rugyourlife.com\/fr\/travailler-avec-nous\/","og_site_name":"Rug Your Life","article_publisher":"https:\/\/www.facebook.com\/rugyourlifecom","article_modified_time":"2022-09-30T10:03:49+00:00","og_image":[{"url":"https:\/\/rugyourlife.com\/wp-content\/uploads\/2022\/09\/Hello-at-Rug-Your-Life.jpg","type":"","width":"","height":""}],"twitter_card":"summary_large_image","twitter_misc":{"Dur\u00e9e de lecture estim\u00e9e":"1 minute"},"schema":{"@context":"https:\/\/schema.org","@graph":[{"@type":"WebPage","@id":"https:\/\/rugyourlife.com\/workwithus\/","url":"https:\/\/rugyourlife.com\/workwithus\/","name":"Travailler avec Rug Your Life","isPartOf":{"@id":"https:\/\/rugyourlife.com\/#website"},"primaryImageOfPage":{"@id":"https:\/\/rugyourlife.com\/workwithus\/#primaryimage"},"image":{"@id":"https:\/\/rugyourlife.com\/workwithus\/#primaryimage"},"thumbnailUrl":"https:\/\/rugyourlife.com\/wp-content\/uploads\/2022\/09\/Hello-at-Rug-Your-Life.jpg","datePublished":"2022-09-30T09:18:54+00:00","dateModified":"2022-09-30T10:03:49+00:00","description":"Nous sommes une petite entreprise avec une grande vision de cr\u00e9er les tapis les plus significatifs et les plus raffin\u00e9s. Nous invitons des personnes exceptionnelles \u00e0 nous rejoindre.","breadcrumb":{"@id":"https:\/\/rugyourlife.com\/workwithus\/#breadcrumb"},"inLanguage":"fr-FR","potentialAction":[{"@type":"ReadAction","target":["https:\/\/rugyourlife.com\/workwithus\/"]}]},{"@type":"ImageObject","inLanguage":"fr-FR","@id":"https:\/\/rugyourlife.com\/workwithus\/#primaryimage","url":"https:\/\/rugyourlife.com\/wp-content\/uploads\/2022\/09\/Hello-at-Rug-Your-Life.jpg","contentUrl":"https:\/\/rugyourlife.com\/wp-content\/uploads\/2022\/09\/Hello-at-Rug-Your-Life.jpg"},{"@type":"BreadcrumbList","@id":"https:\/\/rugyourlife.com\/workwithus\/#breadcrumb","itemListElement":[{"@type":"ListItem","position":1,"name":"Home","item":"https:\/\/rugyourlife.com\/"},{"@type":"ListItem","position":2,"name":"Working with Rug Your Life"}]},{"@type":"WebSite","@id":"https:\/\/rugyourlife.com\/#website","url":"https:\/\/rugyourlife.com\/","name":"Rug Your Life - Tapis sur mesure faits \u00e0 la main \u00e0 partir d'\u0153uvres d'art originales","description":"Tapis d'art de luxe - Tapis faits \u00e0 la main, sur mesure et en \u00e9dition limit\u00e9e","publisher":{"@id":"https:\/\/rugyourlife.com\/#organization"},"potentialAction":[{"@type":"SearchAction","target":{"@type":"EntryPoint","urlTemplate":"https:\/\/rugyourlife.com\/?s={search_term_string}"},"query-input":{"@type":"PropertyValueSpecification","valueRequired":true,"valueName":"search_term_string"}}],"inLanguage":"fr-FR"},{"@type":"Organization","@id":"https:\/\/rugyourlife.com\/#organization","name":"Rug Your Life","url":"https:\/\/rugyourlife.com\/","logo":{"@type":"ImageObject","inLanguage":"fr-FR","@id":"https:\/\/rugyourlife.com\/#\/schema\/logo\/image\/","url":"https:\/\/i0.wp.com\/rugyourlife.com\/wp-content\/uploads\/2024\/02\/Logo-Rug-Your-Life-Website.png?fit=3202%2C490&ssl=1","contentUrl":"https:\/\/i0.wp.com\/rugyourlife.com\/wp-content\/uploads\/2024\/02\/Logo-Rug-Your-Life-Website.png?fit=3202%2C490&ssl=1","width":3202,"height":490,"caption":"Rug Your Life"},"image":{"@id":"https:\/\/rugyourlife.com\/#\/schema\/logo\/image\/"},"sameAs":["https:\/\/www.facebook.com\/rugyourlifecom","https:\/\/www.instagram.com\/rugyourlife\/"],"foundingDate":"2010-01-25"}]}},"_links":{"self":[{"href":"https:\/\/rugyourlife.com\/fr\/wp-json\/wp\/v2\/pages\/5369","targetHints":{"allow":["GET"]}}],"collection":[{"href":"https:\/\/rugyourlife.com\/fr\/wp-json\/wp\/v2\/pages"}],"about":[{"href":"https:\/\/rugyourlife.com\/fr\/wp-json\/wp\/v2\/types\/page"}],"author":[{"embeddable":true,"href":"https:\/\/rugyourlife.com\/fr\/wp-json\/wp\/v2\/users\/197027730"}],"replies":[{"embeddable":true,"href":"https:\/\/rugyourlife.com\/fr\/wp-json\/wp\/v2\/comments?post=5369"}],"version-history":[{"count":4,"href":"https:\/\/rugyourlife.com\/fr\/wp-json\/wp\/v2\/pages\/5369\/revisions"}],"predecessor-version":[{"id":5375,"href":"https:\/\/rugyourlife.com\/fr\/wp-json\/wp\/v2\/pages\/5369\/revisions\/5375"}],"wp:attachment":[{"href":"https:\/\/rugyourlife.com\/fr\/wp-json\/wp\/v2\/media?parent=5369"}],"curies":[{"name":"wp","href":"https:\/\/api.w.org\/{rel}","templated":true}]}}